{"id":31,"date":"2017-06-20T16:12:02","date_gmt":"2017-06-20T16:12:02","guid":{"rendered":"https:\/\/mnkythemes.com\/mag\/?page_id=31"},"modified":"2020-06-25T13:36:13","modified_gmt":"2020-06-25T11:36:13","slug":"autorzy","status":"publish","type":"page","link":"https:\/\/www.bestbody.com.pl\/blog\/autorzy\/","title":{"rendered":"Nasz zesp\u00f3\u0142"},"content":{"rendered":"<p>[vc_row][vc_column][mnky_heading title=&#8221;Autorzy&#8221;][vc_empty_space height=&#8221;40px&#8221;][\/vc_column][\/vc_row][vc_row][vc_column][vc_column_text]<strong>Best Blog<\/strong> to platforma, gdzie eksperci oraz pasjonaci z dziedzin takich jak dietetyka, trening, suplementacja oraz og\u00f3lnie poj\u0119te zdrowie, mog\u0105 prezentowa\u0107 artyku\u0142y przedstawiaj\u0105ce ich punkt widzenia na dany temat. Bez wzgl\u0119du na to czy jeste\u015b uznanym autorytetem w danej dziedzinie czy zwyczajnym pasjonatem chc\u0105cym dzieli\u0107 si\u0119 swoj\u0105 wiedz\u0105, na Best Blogu mo\u017cesz bezp\u0142atnie publikowa\u0107 artyku\u0142y przedstawiaj\u0105c sw\u00f3j punkt widzenia na dany temat, promuj\u0105c przy tym swoj\u0105 osob\u0119.<\/p>\n<p><img loading=\"lazy\" decoding=\"async\" class=\"size-full wp-image-3078 aligncenter\" src=\"https:\/\/www.bestbody.com.pl\/blog\/wp-content\/uploads\/2019\/06\/autorzy-best-blog.jpg\" alt=\"Autorzy bloga Best Blog\" width=\"764\" height=\"456\" srcset=\"https:\/\/www.bestbody.com.pl\/blog\/wp-content\/uploads\/2019\/06\/autorzy-best-blog.jpg 764w, https:\/\/www.bestbody.com.pl\/blog\/wp-content\/uploads\/2019\/06\/autorzy-best-blog-300x179.jpg 300w\" sizes=\"(max-width: 764px) 100vw, 764px\" \/><\/p>\n<p>Nasza platforma umo\u017cliwia bezp\u0142atn\u0105 rejestracj\u0119 i publikowanie tre\u015bci o nast\u0119puj\u0105cej tematyce: suplementacja, dietetyka, trening, odchudzanie, zdrowie i uroda oraz przepisy dietetyczne. Informujemy, i\u017c nie ponosimy odpowiedzialno\u015bci za publikowane w serwisie tre\u015bci, jednocze\u015bnie zastrzegamy sobie prawo do usuwania tre\u015bci niezgodnych z prawem i dobrymi obyczajami.<\/p>\n<p>1. Autor artyku\u0142u o\u015bwiadcza, \u017ce wszystkie tre\u015bci zamieszczane przez niego w Serwisie, podlegaj\u0105ce ochronie o prawie autorskim i prawach pokrewnych stanowi\u0105 przedmiot jego praw autorskich, b\u0105d\u017a te\u017c posiada do nich uprawnienia wynikaj\u0105ce z licencji.<br \/>\n2. Autor umieszczaj\u0105c w Serwisie jakiekolwiek tre\u015bci przenosi nieodp\u0142atnie na W\u0142a\u015bciciela Serwisu zbywalne prawa autorskie i pokrewne z nimi zwi\u0105zane. Je\u017celi Autor jest uprawnionym z tytu\u0142u licencji, umieszczenie takich tre\u015bci jest r\u00f3wnoznaczne z nieodp\u0142atnym udzieleniem W\u0142a\u015bcicielowi Serwisu dalszej licencji.<br \/>\n3. Autor nie mo\u017ce kierowa\u0107 wzgl\u0119dem W\u0142a\u015bciciela Serwisu \u017cadnych roszcze\u0144 zwi\u0105zanych z prawami autorskimi i pokrewnymi dotycz\u0105cymi utwor\u00f3w umieszczonych przez autora w serwisie.<br \/>\n4. Wszystkie tre\u015bci przedstawione na Best Blogu maj\u0105 jedynie warto\u015b\u0107 informacyjn\u0105. Pod \u017cadnym pozorem nie mog\u0105 zast\u0105pi\u0107 indywidualnej porady farmaceutycznej, lekarskiej, po\u0142o\u017cniczej, psychologicznej, ani \u017cadnej innej.<br \/>\n5. W\u0142a\u015bciciel Serwisu nie ponosi odpowiedzialno\u015bci za ewentualne szkody w zakresie, w jakim podmioty trzecie mog\u0142yby dozna\u0107 jakiejkolwiek szkody, podejmuj\u0105c lub zaniechuj\u0105c czynno\u015bci na podstawie informacji lub tre\u015bci zamieszczonych na blogu.<br \/>\n6. Ca\u0142a tre\u015b\u0107 bloga ma charakter subiektywny i przedstawia wybi\u00f3rczo informacje na poruszane na \u0142amach serwisu tematy.<br \/>\n7. W\u0142a\u015bciciel Serwisu zastrzega sobie prawo do usuwania tre\u015bci niezgodnych z prawem i dobrymi obyczajami lub nie zwi\u0105zane z tematyk\u0105 Serwisu.<\/p>\n<p><em>Do\u0142\u0105cz do nas ju\u017c dzi\u015b!<\/em><br \/>\n<em>zesp\u00f3\u0142 Best Blog&#8217;a.<\/em>[\/vc_column_text][\/vc_column][\/vc_row]<\/p>\n","protected":false},"excerpt":{"rendered":"<p>[vc_row][vc_column][mnky_heading title=&#8221;Autorzy&#8221;][vc_empty_space height=&#8221;40px&#8221;][\/vc_column][\/vc_row][vc_row][vc_column][vc_column_text]Best Blog to platforma, gdzie eksperci oraz pasjonaci z dziedzin takich jak dietetyka, trening, suplementacja oraz og\u00f3lnie poj\u0119te &hellip; <\/p>\n","protected":false},"author":1,"featured_media":0,"parent":0,"menu_order":0,"comment_status":"closed","ping_status":"closed","template":"","meta":{"_acf_changed":false,"footnotes":""},"acf":[],"yoast_head":"<!-- This site is optimized with the Yoast SEO Premium plugin v16.3 (Yoast SEO v20.4) - https:\/\/yoast.com\/wordpress\/plugins\/seo\/ -->\n<title>Nasz zesp\u00f3\u0142 - Best Blog<\/title>\n<meta name=\"robots\" content=\"index, follow, max-snippet:-1, max-image-preview:large, max-video-preview:-1\" \/>\n<link rel=\"canonical\" href=\"https:\/\/www.bestbody.com.pl\/blog\/autorzy\/\" \/>\n<meta property=\"og:locale\" content=\"pl_PL\" \/>\n<meta property=\"og:type\" content=\"article\" \/>\n<meta property=\"og:title\" content=\"Nasz zesp\u00f3\u0142 - Best Blog\" \/>\n<meta property=\"og:description\" content=\"[vc_row][vc_column][mnky_heading title=&#8221;Autorzy&#8221;][vc_empty_space height=&#8221;40px&#8221;][\/vc_column][\/vc_row][vc_row][vc_column][vc_column_text]Best Blog to platforma, gdzie eksperci oraz pasjonaci z dziedzin takich jak dietetyka, trening, suplementacja oraz og\u00f3lnie poj\u0119te &hellip;\" \/>\n<meta property=\"og:url\" content=\"https:\/\/www.bestbody.com.pl\/blog\/autorzy\/\" \/>\n<meta property=\"og:site_name\" content=\"Best Blog\" \/>\n<meta property=\"article:publisher\" content=\"https:\/\/www.facebook.com\/BestBodyComPL\/\" \/>\n<meta property=\"article:modified_time\" content=\"2020-06-25T11:36:13+00:00\" \/>\n<meta property=\"og:image\" content=\"https:\/\/www.bestbody.com.pl\/blog\/wp-content\/uploads\/2019\/06\/autorzy-best-blog.jpg\" \/>\n<meta name=\"twitter:card\" content=\"summary_large_image\" \/>\n<meta name=\"twitter:label1\" content=\"Szacowany czas czytania\" \/>\n\t<meta name=\"twitter:data1\" content=\"2 minuty\" \/>\n<script type=\"application\/ld+json\" class=\"yoast-schema-graph\">{\"@context\":\"https:\/\/schema.org\",\"@graph\":[{\"@type\":\"WebPage\",\"@id\":\"https:\/\/www.bestbody.com.pl\/blog\/autorzy\/\",\"url\":\"https:\/\/www.bestbody.com.pl\/blog\/autorzy\/\",\"name\":\"Nasz zesp\u00f3\u0142 - Best Blog\",\"isPartOf\":{\"@id\":\"https:\/\/www.bestbody.com.pl\/blog\/#website\"},\"datePublished\":\"2017-06-20T16:12:02+00:00\",\"dateModified\":\"2020-06-25T11:36:13+00:00\",\"breadcrumb\":{\"@id\":\"https:\/\/www.bestbody.com.pl\/blog\/autorzy\/#breadcrumb\"},\"inLanguage\":\"pl-PL\",\"potentialAction\":[{\"@type\":\"ReadAction\",\"target\":[\"https:\/\/www.bestbody.com.pl\/blog\/autorzy\/\"]}]},{\"@type\":\"BreadcrumbList\",\"@id\":\"https:\/\/www.bestbody.com.pl\/blog\/autorzy\/#breadcrumb\",\"itemListElement\":[{\"@type\":\"ListItem\",\"position\":1,\"name\":\"Strona g\u0142\u00f3wna\",\"item\":\"https:\/\/www.bestbody.com.pl\/blog\/\"},{\"@type\":\"ListItem\",\"position\":2,\"name\":\"Nasz zesp\u00f3\u0142\"}]},{\"@type\":\"WebSite\",\"@id\":\"https:\/\/www.bestbody.com.pl\/blog\/#website\",\"url\":\"https:\/\/www.bestbody.com.pl\/blog\/\",\"name\":\"Best Blog\",\"description\":\"Blog - kompedium wiedzy o od\u017cywkach i suplementach diety\",\"publisher\":{\"@id\":\"https:\/\/www.bestbody.com.pl\/blog\/#organization\"},\"potentialAction\":[{\"@type\":\"SearchAction\",\"target\":{\"@type\":\"EntryPoint\",\"urlTemplate\":\"https:\/\/www.bestbody.com.pl\/blog\/?s={search_term_string}\"},\"query-input\":\"required name=search_term_string\"}],\"inLanguage\":\"pl-PL\"},{\"@type\":\"Organization\",\"@id\":\"https:\/\/www.bestbody.com.pl\/blog\/#organization\",\"name\":\"Best Body\",\"url\":\"https:\/\/www.bestbody.com.pl\/blog\/\",\"logo\":{\"@type\":\"ImageObject\",\"inLanguage\":\"pl-PL\",\"@id\":\"https:\/\/www.bestbody.com.pl\/blog\/#\/schema\/logo\/image\/\",\"url\":\"https:\/\/www.bestbody.com.pl\/blog\/wp-content\/uploads\/2017\/06\/Best_Blog.png\",\"contentUrl\":\"https:\/\/www.bestbody.com.pl\/blog\/wp-content\/uploads\/2017\/06\/Best_Blog.png\",\"width\":300,\"height\":250,\"caption\":\"Best Body\"},\"image\":{\"@id\":\"https:\/\/www.bestbody.com.pl\/blog\/#\/schema\/logo\/image\/\"},\"sameAs\":[\"https:\/\/www.facebook.com\/BestBodyComPL\/\"]}]}<\/script>\n<!-- \/ Yoast SEO Premium plugin. -->","yoast_head_json":{"title":"Nasz zesp\u00f3\u0142 - Best Blog","robots":{"index":"index","follow":"follow","max-snippet":"max-snippet:-1","max-image-preview":"max-image-preview:large","max-video-preview":"max-video-preview:-1"},"canonical":"https:\/\/www.bestbody.com.pl\/blog\/autorzy\/","og_locale":"pl_PL","og_type":"article","og_title":"Nasz zesp\u00f3\u0142 - Best Blog","og_description":"[vc_row][vc_column][mnky_heading title=&#8221;Autorzy&#8221;][vc_empty_space height=&#8221;40px&#8221;][\/vc_column][\/vc_row][vc_row][vc_column][vc_column_text]Best Blog to platforma, gdzie eksperci oraz pasjonaci z dziedzin takich jak dietetyka, trening, suplementacja oraz og\u00f3lnie poj\u0119te &hellip;","og_url":"https:\/\/www.bestbody.com.pl\/blog\/autorzy\/","og_site_name":"Best Blog","article_publisher":"https:\/\/www.facebook.com\/BestBodyComPL\/","article_modified_time":"2020-06-25T11:36:13+00:00","og_image":[{"url":"https:\/\/www.bestbody.com.pl\/blog\/wp-content\/uploads\/2019\/06\/autorzy-best-blog.jpg"}],"twitter_card":"summary_large_image","twitter_misc":{"Szacowany czas czytania":"2 minuty"},"schema":{"@context":"https:\/\/schema.org","@graph":[{"@type":"WebPage","@id":"https:\/\/www.bestbody.com.pl\/blog\/autorzy\/","url":"https:\/\/www.bestbody.com.pl\/blog\/autorzy\/","name":"Nasz zesp\u00f3\u0142 - Best Blog","isPartOf":{"@id":"https:\/\/www.bestbody.com.pl\/blog\/#website"},"datePublished":"2017-06-20T16:12:02+00:00","dateModified":"2020-06-25T11:36:13+00:00","breadcrumb":{"@id":"https:\/\/www.bestbody.com.pl\/blog\/autorzy\/#breadcrumb"},"inLanguage":"pl-PL","potentialAction":[{"@type":"ReadAction","target":["https:\/\/www.bestbody.com.pl\/blog\/autorzy\/"]}]},{"@type":"BreadcrumbList","@id":"https:\/\/www.bestbody.com.pl\/blog\/autorzy\/#breadcrumb","itemListElement":[{"@type":"ListItem","position":1,"name":"Strona g\u0142\u00f3wna","item":"https:\/\/www.bestbody.com.pl\/blog\/"},{"@type":"ListItem","position":2,"name":"Nasz zesp\u00f3\u0142"}]},{"@type":"WebSite","@id":"https:\/\/www.bestbody.com.pl\/blog\/#website","url":"https:\/\/www.bestbody.com.pl\/blog\/","name":"Best Blog","description":"Blog - kompedium wiedzy o od\u017cywkach i suplementach diety","publisher":{"@id":"https:\/\/www.bestbody.com.pl\/blog\/#organization"},"potentialAction":[{"@type":"SearchAction","target":{"@type":"EntryPoint","urlTemplate":"https:\/\/www.bestbody.com.pl\/blog\/?s={search_term_string}"},"query-input":"required name=search_term_string"}],"inLanguage":"pl-PL"},{"@type":"Organization","@id":"https:\/\/www.bestbody.com.pl\/blog\/#organization","name":"Best Body","url":"https:\/\/www.bestbody.com.pl\/blog\/","logo":{"@type":"ImageObject","inLanguage":"pl-PL","@id":"https:\/\/www.bestbody.com.pl\/blog\/#\/schema\/logo\/image\/","url":"https:\/\/www.bestbody.com.pl\/blog\/wp-content\/uploads\/2017\/06\/Best_Blog.png","contentUrl":"https:\/\/www.bestbody.com.pl\/blog\/wp-content\/uploads\/2017\/06\/Best_Blog.png","width":300,"height":250,"caption":"Best Body"},"image":{"@id":"https:\/\/www.bestbody.com.pl\/blog\/#\/schema\/logo\/image\/"},"sameAs":["https:\/\/www.facebook.com\/BestBodyComPL\/"]}]}},"_links":{"self":[{"href":"https:\/\/www.bestbody.com.pl\/blog\/wp-json\/wp\/v2\/pages\/31"}],"collection":[{"href":"https:\/\/www.bestbody.com.pl\/blog\/wp-json\/wp\/v2\/pages"}],"about":[{"href":"https:\/\/www.bestbody.com.pl\/blog\/wp-json\/wp\/v2\/types\/page"}],"author":[{"embeddable":true,"href":"https:\/\/www.bestbody.com.pl\/blog\/wp-json\/wp\/v2\/users\/1"}],"replies":[{"embeddable":true,"href":"https:\/\/www.bestbody.com.pl\/blog\/wp-json\/wp\/v2\/comments?post=31"}],"version-history":[{"count":0,"href":"https:\/\/www.bestbody.com.pl\/blog\/wp-json\/wp\/v2\/pages\/31\/revisions"}],"wp:attachment":[{"href":"https:\/\/www.bestbody.com.pl\/blog\/wp-json\/wp\/v2\/media?parent=31"}],"curies":[{"name":"wp","href":"https:\/\/api.w.org\/{rel}","templated":true}]}}