{"id":443,"date":"2017-07-18T13:58:54","date_gmt":"2017-07-18T13:58:54","guid":{"rendered":"https:\/\/mnkythemes.com\/mag\/?page_id=443"},"modified":"2021-05-31T07:04:18","modified_gmt":"2021-05-31T05:04:18","slug":"home","status":"publish","type":"page","link":"https:\/\/www.bestbody.com.pl\/blog\/","title":{"rendered":"Best Blog"},"content":{"rendered":"<p>[vc_row][vc_column][vc_empty_space height=&#8221;40px&#8221;][vc_row_inner][vc_column_inner el_class=&#8221;nopadding-right&#8221; width=&#8221;2\/3&#8243; css=&#8221;.vc_custom_1552823853198{padding-right: 0px !important;}&#8221; offset=&#8221;vc_col-md-offset-0 vc_col-sm-offset-0 vc_col-xs-12&#8243;][vc_images_carousel images=&#8221;2544&#8243; img_size=&#8221;full&#8221; onclick=&#8221;link_no&#8221; autoplay=&#8221;yes&#8221; wrap=&#8221;yes&#8221;][\/vc_column_inner][vc_column_inner el_class=&#8221;nopadding-left&#8221; width=&#8221;1\/3&#8243; offset=&#8221;vc_hidden-md vc_hidden-sm vc_hidden-xs&#8221;][vc_raw_html]JTIwJTIwJTIwJTIwJTNDZGl2JTIwY2xhc3MlM0QlMjJzbGlkZXItcmlnaHQlMjIlM0UlMEElMjAlMjAlMjAlMjAlMjAlMjAlMjAlMjAlM0NkaXYlMjBjbGFzcyUzRCUyMnRlc3Rfb25lJTIyJTIwc3R5bGUlM0QlMjJiYWNrZ3JvdW5kJTNBJTIwdXJsJTI4JTJGYmxvZyUyRndwLWNvbnRlbnQlMkZ1cGxvYWRzJTJGMjAxNyUyRjA2JTJGa2hqLnBuZyUyOSUzQiUyMiUzRSUwQSUwOSUwOSUzQ2RpdiUyMGNsYXNzJTNEJTIydGl0bGUtc2xpZGVyLXJpZ2h0JTIyJTNFJTBBJTA5JTA5JTA5QmV6Y2VubmElMjB3aWVkemElMEElMDklMDklM0MlMkZkaXYlM0UlMEElMDklMDklM0NkaXYlMjBjbGFzcyUzRCUyMnRleHQtc2xpZGVyLXJpZ2h0JTIyJTNFJTBBJTA5JTA5JTA5UHVibGlrb3dhbmElMjBwcnpleiUyMGVrc3BlcnQlQzMlQjN3JTBBJTA5JTA5JTNDJTJGZGl2JTNFJTBBJTA5JTNDJTJGZGl2JTNFJTBBJTIwJTIwJTIwJTIwJTIwJTIwJTIwJTIwJTNDZGl2JTIwY2xhc3MlM0QlMjJ0ZXN0X29uZSUyMiUyMHN0eWxlJTNEJTIyYmFja2dyb3VuZCUzQSUyMHVybCUyOCUyRmJsb2clMkZ3cC1jb250ZW50JTJGdXBsb2FkcyUyRjIwMTclMkYwNiUyRmJhbmVyMi5wbmclMjklM0IlMjIlM0UlMEElMDklMDklM0NkaXYlMjBjbGFzcyUzRCUyMnRpdGxlLXNsaWRlci1yaWdodCUyMiUzRSUwQSUwOSUwOSUwOUluZm9ybWFjamElMjBvJTIwcHJvbW9jamFjaCUyMHclMjBza2xlcGllJTBBJTA5JTA5JTNDJTJGZGl2JTNFJTBBJTA5JTA5JTNDZGl2JTIwY2xhc3MlM0QlMjJ0ZXh0LXNsaWRlci1yaWdodCUyMiUzRSUwQSUwOSUwOSUwOU90cnp5bXVqJTIwa29keSUyMHByb21vY3lqbmUlMjBpJTIwcmFiYXRvd2UlMEElMDklMDklM0MlMkZkaXYlM0UlMEElMDklM0MlMkZkaXYlM0UlMEElMjAlMjAlMjAlMjAlMjAlMjAlMjAlMjAlM0NkaXYlMjBjbGFzcyUzRCUyMnRlc3Rfb25lJTIyJTIwc3R5bGUlM0QlMjJiYWNrZ3JvdW5kJTNBJTIwdXJsJTI4JTJGYmxvZyUyRndwLWNvbnRlbnQlMkZ1cGxvYWRzJTJGMjAxNyUyRjA2JTJGYmFuZXIzLnBuZyUyOSUzQiUyMiUzRSUwQSUwOSUwOSUzQ2RpdiUyMGNsYXNzJTNEJTIydGl0bGUtc2xpZGVyLXJpZ2h0JTIyJTNFJTBBJTA5JTA5JTA5UHJvZmVzam9uYWxuZSUyMGRvcmFkenR3byUwQSUwOSUwOSUzQyUyRmRpdiUzRSUwQSUwOSUwOSUzQ2RpdiUyMGNsYXNzJTNEJTIydGV4dC1zbGlkZXItcmlnaHQlMjIlM0UlMEElMDklMDklMDlLb21lbnR1aiUyMGFydHlrdSVDNSU4MnklMjBpJTIwemFkYXdhaiUyMHB5dGFuaWElMEElMDklMDklM0MlMkZkaXYlM0UlMEElMDklM0MlMkZkaXYlM0UlMEElMjAlMjAlMjAlMjAlMjAlMjAlMjAlMjAlM0NkaXYlMjBjbGFzcyUzRCUyMnRlc3Rfb25lJTIyJTIwc3R5bGUlM0QlMjJiYWNrZ3JvdW5kJTNBJTIwdXJsJTI4JTJGYmxvZyUyRndwLWNvbnRlbnQlMkZ1cGxvYWRzJTJGMjAxNyUyRjA2JTJGYmFuZXI0LnBuZyUyOSUzQiUyMiUzRSUwQSUwOSUwOSUzQ2RpdiUyMGNsYXNzJTNEJTIydGl0bGUtc2xpZGVyLXJpZ2h0JTIyJTNFJTBBJTA5JTA5JTA5WmF3c3plJTIwbmElMjBjemFzaWUlMEElMDklMDklM0MlMkZkaXYlM0UlMEElMDklMDklM0NkaXYlMjBjbGFzcyUzRCUyMnRleHQtc2xpZGVyLXJpZ2h0JTIyJTNFJTBBJTA5JTA5JTA5JUM1JTlBbGVkJUM1JUJBJTIwYWt0dWFsbmUlMjB3eWRhcnplbmlhJTIwaSUyMG5vd2lua2klMEElMDklMDklM0MlMkZkaXYlM0UlMEElMDklM0MlMkZkaXYlM0UlMEElMjAlMjAlMjAlM0MlMkZkaXYlM0U=[\/vc_raw_html][\/vc_column_inner][\/vc_row_inner][\/vc_column][\/vc_row][vc_row][vc_column][vc_empty_space height=&#8221;20px&#8221;][\/vc_column][\/vc_row][vc_row][vc_column][vc_empty_space height=&#8221;10px&#8221;][mnky_news_ticker title=&#8221;AKTUALNO\u015aCI BEST BLOG&#8221; post_type=&#8221;post&#8221; posts_per_page=&#8221;10&#8243; orderby=&#8221;comment_count&#8221;][vc_empty_space height=&#8221;40px&#8221;][mnky_posts column_layout=&#8221;column-count-3&#8243; title_size=&#8221;24px&#8221; author_hide=&#8221;off&#8221; date_hide=&#8221;off&#8221; comments_hide=&#8221;off&#8221; views_hide=&#8221;off&#8221; no_duplicate=&#8221;yes&#8221; posts_per_page=&#8221;3&#8243; el_id=&#8221;1500908611261-dbbafe59-389b&#8221;][vc_empty_space height=&#8221;10px&#8221;][\/vc_column][\/vc_row][vc_row css=&#8221;.vc_custom_1501012346317{background-position: center !important;background-repeat: no-repeat !important;background-size: cover !important;}&#8221;][vc_column][mnky_ads id=&#8221;853&#8243;][vc_empty_space height=&#8221;40px&#8221;][\/vc_column][\/vc_row][vc_row][vc_column][mnky_posts_grid grid_layout=&#8221;mpg-layout-2&#8243; grid_height=&#8221;405&#8243; thumbnail_size=&#8221;large&#8221; cat_hide=&#8221;off&#8221; comments_hide=&#8221;off&#8221; views_hide=&#8221;off&#8221; post_format_hide=&#8221;off&#8221; no_duplicate=&#8221;yes&#8221; post_type=&#8221;post&#8221;][vc_empty_space height=&#8221;40px&#8221;][\/vc_column][\/vc_row][vc_row][vc_column offset=&#8221;vc_col-md-8&#8243;][mnky_heading title=&#8221;POLECANE ARTYKU\u0141Y&#8221;][vc_empty_space height=&#8221;40px&#8221;][vc_empty_space height=&#8221;10px&#8221;][mnky_posts column_layout=&#8221;column-count-2&#8243; allow_duplicate=&#8221;yes&#8221; posts_per_page=&#8221;6&#8243; taxonomy=&#8221;category&#8221; el_id=&#8221;1555322161413-981960f5-038d&#8221; category=&#8221;polecane-artykuly&#8221;][vc_empty_space height=&#8221;10px&#8221;][\/vc_column][vc_column el_class=&#8221;sticky-container&#8221; offset=&#8221;vc_col-md-4&#8243;][mnky_heading title=&#8221;NAJPOPULARNIEJSZE ARTYKU\u0141Y&#8221;][vc_empty_space height=&#8221;40px&#8221;][mnky_posts layout=&#8221;4&#8243; title_size=&#8221;22px&#8221; post_nr=&#8221;on&#8221; thumbnail_size=&#8221;mnky_size-100&#215;100&#8243; label_hide=&#8221;off&#8221; rating_hide=&#8221;off&#8221; cat_hide=&#8221;off&#8221; author_hide=&#8221;off&#8221; date_hide=&#8221;off&#8221; comments_hide=&#8221;off&#8221; post_format_hide=&#8221;off&#8221; allow_duplicate=&#8221;yes&#8221; posts_per_page=&#8221;5&#8243; orderby=&#8221;meta_value_num&#8221; el_id=&#8221;1500906205912-02fe3a57-1e99&#8243;][vc_empty_space height=&#8221;10px&#8221;][mnky_heading title=&#8221;BEST BODY&#8221;][vc_empty_space height=&#8221;40px&#8221;][mnky_posts layout=&#8221;5&#8243; bg_image_height=&#8221;250px&#8221; title_size=&#8221;22px&#8221; label_hide=&#8221;off&#8221; rating_hide=&#8221;off&#8221; cat_hide=&#8221;off&#8221; author_hide=&#8221;off&#8221; date_hide=&#8221;off&#8221; comments_hide=&#8221;off&#8221; views_hide=&#8221;off&#8221; post_format_hide=&#8221;off&#8221; posts_per_page=&#8221;2&#8243; taxonomy=&#8221;post_tag&#8221; el_id=&#8221;1500906770903-b0d8baa3-7319&#8243; tag=&#8221;sponsored&#8221;][vc_empty_space height=&#8221;10px&#8221;][mnky_ads id=&#8221;80&#8243;][vc_empty_space height=&#8221;40px&#8221;][vc_raw_html]JTNDZm9ybSUyMG1ldGhvZCUzRCUyMmdldCUyMiUyMGNsYXNzJTNEJTIyc2VhcmNoZm9ybSUyMiUyMGFjdGlvbiUzRCUyMmh0dHBzJTNBJTJGJTJGd3d3LmJlc3Rib2R5LmNvbS5wbCUyRmJsb2clMkYlMjIlM0UlMEElM0NpbnB1dCUyMHR5cGUlM0QlMjJ0ZXh0JTIyJTIwbmFtZSUzRCUyMnMlMjIlMjBjbGFzcyUzRCUyMnNlYXJjaC1pbnB1dCUyMiUyMHBsYWNlaG9sZGVyJTNEJTI3TmFwaXN6JTIwY3plZ28lMjBzenVrYXN6JTI3JTNFJTNDJTJGZm9ybSUzRQ==[\/vc_raw_html][\/vc_column][\/vc_row][vc_row][vc_column][vc_empty_space height=&#8221;40px&#8221;][vc_column_text][\/vc_column_text][\/vc_column][\/vc_row][vc_row full_width=&#8221;stretch_row&#8221; css=&#8221;.vc_custom_1500908657701{background-color: #f8f8f8 !important;}&#8221;][vc_column][vc_empty_space height=&#8221;40px&#8221;][mnky_heading title=&#8221;ARTYKU\u0141Y O ODCHUDZANIU&#8221; align=&#8221;align-center&#8221;][vc_empty_space height=&#8221;40px&#8221;][mnky_posts column_layout=&#8221;column-count-3&#8243; title_size=&#8221;24px&#8221; author_hide=&#8221;off&#8221; date_hide=&#8221;off&#8221; posts_per_page=&#8221;3&#8243; pagination=&#8221;carousel&#8221; taxonomy=&#8221;category&#8221; el_id=&#8221;1500811755408-b319591f-fd0f&#8221; category=&#8221;odchudzanie&#8221;][vc_empty_space height=&#8221;40px&#8221;][\/vc_column][\/vc_row][vc_row][vc_column][vc_empty_space height=&#8221;40px&#8221;][mnky_heading title=&#8221;SUPLEMENTY DIETY&#8221; link=&#8221;|||&#8221;][vc_empty_space height=&#8221;40px&#8221;][\/vc_column][\/vc_row][vc_row][vc_column offset=&#8221;vc_col-md-6&#8243;][mnky_posts layout=&#8221;5&#8243; bg_image_height=&#8221;400px&#8221; cat_hide=&#8221;off&#8221; author_hide=&#8221;off&#8221; date_hide=&#8221;off&#8221; comments_hide=&#8221;off&#8221; views_hide=&#8221;off&#8221; no_duplicate=&#8221;yes&#8221; posts_per_page=&#8221;1&#8243; taxonomy=&#8221;category&#8221; el_id=&#8221;1500907183867-20b25fbc-c079&#8243; category=&#8221;suplementacja&#8221;][\/vc_column][vc_column offset=&#8221;vc_col-md-6&#8243;][mnky_posts layout=&#8221;5&#8243; bg_image_height=&#8221;400px&#8221; column_layout=&#8221;column-count-3&#8243; title_size=&#8221;18px&#8221; label_hide=&#8221;off&#8221; rating_hide=&#8221;off&#8221; cat_hide=&#8221;off&#8221; author_hide=&#8221;off&#8221; date_hide=&#8221;off&#8221; comments_hide=&#8221;off&#8221; views_hide=&#8221;off&#8221; post_format_hide=&#8221;off&#8221; no_duplicate=&#8221;yes&#8221; posts_per_page=&#8221;3&#8243; taxonomy=&#8221;category&#8221; el_id=&#8221;1500974076367-7156806f-5610&#8243; category=&#8221;suplementacja&#8221;][\/vc_column][\/vc_row][vc_row][vc_column][vc_empty_space height=&#8221;10px&#8221;][mnky_heading title=&#8221;RANKINGI SUPLEMENT\u00d3W&#8221;][vc_empty_space height=&#8221;40px&#8221;][\/vc_column][\/vc_row][vc_row][vc_column offset=&#8221;vc_col-md-8&#8243;][mnky_posts layout=&#8221;2&#8243; title_size=&#8221;24px&#8221; label_hide=&#8221;off&#8221; cat_hide=&#8221;off&#8221; post_format_hide=&#8221;off&#8221; no_duplicate=&#8221;yes&#8221; posts_per_page=&#8221;5&#8243; taxonomy=&#8221;category&#8221; el_id=&#8221;1552823457950-027c2aa8-fd95&#8243; category=&#8221;ranking_suplementy&#8221;][\/vc_column][vc_column el_class=&#8221;sticky-container&#8221; offset=&#8221;vc_col-md-4&#8243;][mnky_posts layout=&#8221;5&#8243; bg_image_height=&#8221;400px&#8221; cat_hide=&#8221;off&#8221; author_hide=&#8221;off&#8221; date_hide=&#8221;off&#8221; comments_hide=&#8221;off&#8221; views_hide=&#8221;off&#8221; no_duplicate=&#8221;yes&#8221; posts_per_page=&#8221;1&#8243; taxonomy=&#8221;post_tag&#8221; tax_operator=&#8221;NOT IN&#8221; el_id=&#8221;1500974681130-a2854ae2-1b15&#8243; tag=&#8221;review&#8221;][mnky_ads id=&#8221;83&#8243;][vc_empty_space height=&#8221;40px&#8221;][\/vc_column][\/vc_row][vc_row][vc_column][vc_empty_space height=&#8221;10px&#8221;][mnky_heading title=&#8221;BEST BLOG&#8221;][vc_empty_space height=&#8221;40px&#8221;][mnky_posts column_layout=&#8221;column-count-4&#8243; title_size=&#8221;18px&#8221; thumbnail_size=&#8221;mnky_size-300&#215;200&#8243; rating_hide=&#8221;off&#8221; author_hide=&#8221;off&#8221; date_hide=&#8221;off&#8221; comments_hide=&#8221;off&#8221; views_hide=&#8221;off&#8221; post_format_hide=&#8221;off&#8221; posts_per_page=&#8221;8&#8243; pagination=&#8221;load_more&#8221; taxonomy=&#8221;post_tag&#8221; tax_operator=&#8221;NOT IN&#8221; el_id=&#8221;1500981004867-60501ea0-420d&#8221; tag=&#8221;review&#8221;][vc_empty_space height=&#8221;40px&#8221;][\/vc_column][\/vc_row][vc_row full_width=&#8221;stretch_row&#8221; css=&#8221;.vc_custom_1500981575339{background-color: #f8f8f8 !important;}&#8221;][vc_column][vc_empty_space height=&#8221;40px&#8221;][mnky_heading title=&#8221;POLECANE KATEGORIE&#8221;][vc_empty_space height=&#8221;40px&#8221;][vc_row_inner][vc_column_inner width=&#8221;1\/2&#8243; offset=&#8221;vc_col-md-3&#8243;][mnky_category img_url=&#8221;2014&#8243; category=&#8221;suplementacja&#8221;][vc_empty_space height=&#8221;10px&#8221;][\/vc_column_inner][vc_column_inner width=&#8221;1\/2&#8243; offset=&#8221;vc_col-md-3&#8243;][mnky_category img_url=&#8221;1869&#8243; category=&#8221;odzywianie&#8221;][vc_empty_space height=&#8221;10px&#8221;][\/vc_column_inner][vc_column_inner width=&#8221;1\/2&#8243; offset=&#8221;vc_col-md-3&#8243;][mnky_category img_url=&#8221;2015&#8243; category=&#8221;odchudzanie&#8221;][vc_empty_space height=&#8221;10px&#8221;][\/vc_column_inner][vc_column_inner width=&#8221;1\/2&#8243; offset=&#8221;vc_col-md-3&#8243;][mnky_category img_url=&#8221;1744&#8243; category=&#8221;trening&#8221;][\/vc_column_inner][\/vc_row_inner][vc_empty_space height=&#8221;40px&#8221;][\/vc_column][\/vc_row][vc_row full_width=&#8221;stretch_row&#8221; css=&#8221;.vc_custom_1552140765851{background-color: #0ca8e2 !important;}&#8221; el_class=&#8221;bg-newsletter-image&#8221;][vc_column][vc_raw_html]JTNDZGl2JTIwY2xhc3MlM0QlMjJ0bnAlMjB0bnAtc3Vic2NyaXB0aW9uJTIyJTNFJTBBJTNDZm9ybSUyMG1ldGhvZCUzRCUyMnBvc3QlMjIlMjBhY3Rpb24lM0QlMjJodHRwcyUzQSUyRiUyRnd3dy5iZXN0Ym9keS5jb20ucGwlMkZibG9nJTJGJTNGbmElM0RzJTIyJTIwb25zdWJtaXQlM0QlMjJyZXR1cm4lMjBuZXdzbGV0dGVyX2NoZWNrJTI4dGhpcyUyOSUyMiUzRSUwQSUwQSUzQ2lucHV0JTIwdHlwZSUzRCUyMmhpZGRlbiUyMiUyMG5hbWUlM0QlMjJubGFuZyUyMiUyMHZhbHVlJTNEJTIyJTIyJTNFJTBBJTNDaDIlMjBjbGFzcyUzRCUyMm53X2glMjIlM0VOZXdzbGV0dGVyJTNDJTJGaDIlM0UlMEElM0NwJTNFWmFwaXN6JTIwc2klQzQlOTklMjBkbyUyMG5ld3NsZXR0ZXJhJTIwaSUyMG90cnp5bXVqJTIwJTNDc3Ryb25nJTNFYmV6cCVDNSU4MmF0bmUlMjBpbmZvcm1hY2plJTNDJTJGc3Ryb25nJTNFJTIwbyUyMG5vd28lQzUlOUJjaWFjaCUyMGklMjBwcm9tb2NqYWNoJTIwdyUyMHNrbGVwaWUlMjBvcmF6JTIwJTNDc3BhbiUzRSUzQ3N0cm9uZyUzRWRvJTIwMTAlMjUlMjByYWJhdHUlM0MlMkZzdHJvbmclM0UlM0MlMkZzcGFuJTNFJTIwbmElMjB6YWt1cHklMjElM0MlMkZwJTNFJTBBJTNDZGl2JTIwY2xhc3MlM0QlMjJ0bnAtZmllbGQlMjB0bnAtZmllbGQtZW1haWwlMjIlM0UlM0NpbnB1dCUyMGNsYXNzJTNEJTIydG5wLWVtYWlsJTIyJTIwdHlwZSUzRCUyMmVtYWlsJTIyJTIwbmFtZSUzRCUyMm5lJTIyJTIwJTIwcmVxdWlyZWQlMjBwbGFjZWhvbGRlciUzRCUyMlpPU1RBVyUyME5BTSUyMFNXJUMzJTkzSiUyMEFEUkVTJTIwRS1NQUlMLi4uJTIwUkVTWlQlQzQlODQlMjBaQUpNSUVNWSUyMFNJJUM0JTk4JTIwU0FNSSUyMSUyMiUzRSUzQyUyRmRpdiUzRSUwQSUzQ2RpdiUyMGNsYXNzJTNEJTIydG5wLWZpZWxkJTIwdG5wLWZpZWxkLWJ1dHRvbiUyMiUzRSUzQ2lucHV0JTIwY2xhc3MlM0QlMjJ0bnAtc3VibWl0JTIyJTIwdHlwZSUzRCUyMnN1Ym1pdCUyMiUyMHZhbHVlJTNEJTIyWkFQSVNaJTIwU0klQzQlOTglMjElMjIlM0UlMEElM0MlMkZkaXYlM0UlMEElM0MlMkZmb3JtJTNFJTBBJTNDJTJGZGl2JTNFJTBB[\/vc_raw_html][\/vc_column][\/vc_row][vc_row][vc_column][\/vc_column][\/vc_row]<\/p>\n","protected":false},"excerpt":{"rendered":"<p>[vc_row][vc_column][vc_empty_space height=&#8221;40px&#8221;][vc_row_inner][vc_column_inner el_class=&#8221;nopadding-right&#8221; width=&#8221;2\/3&#8243; css=&#8221;.vc_custom_1552823853198{padding-right: 0px !important;}&#8221; offset=&#8221;vc_col-md-offset-0 vc_col-sm-offset-0 vc_col-xs-12&#8243;][vc_images_carousel images=&#8221;2544&#8243; img_size=&#8221;full&#8221; onclick=&#8221;link_no&#8221; autoplay=&#8221;yes&#8221; wrap=&#8221;yes&#8221;][\/vc_column_inner][vc_column_inner el_class=&#8221;nopadding-left&#8221; width=&#8221;1\/3&#8243; offset=&#8221;vc_hidden-md vc_hidden-sm vc_hidden-xs&#8221;][vc_raw_html]JTIwJTIwJTIwJTIwJTNDZGl2JTIwY2xhc3MlM0QlMjJzbGlkZXItcmlnaHQlMjIlM0UlMEElMjAlMjAlMjAlMjAlMjAlMjAlMjAlMjAlM0NkaXYlMjBjbGFzcyUzRCUyMnRlc3Rfb25lJTIyJTIwc3R5bGUlM0QlMjJiYWNrZ3JvdW5kJTNBJTIwdXJsJTI4JTJGYmxvZyUyRndwLWNvbnRlbnQlMkZ1cGxvYWRzJTJGMjAxNyUyRjA2JTJGa2hqLnBuZyUyOSUzQiUyMiUzRSUwQSUwOSUwOSUzQ2RpdiUyMGNsYXNzJTNEJTIydGl0bGUtc2xpZGVyLXJpZ2h0JTIyJTNFJTBBJTA5JTA5JTA5QmV6Y2VubmElMjB3aWVkemElMEElMDklMDklM0MlMkZkaXYlM0UlMEElMDklMDklM0NkaXYlMjBjbGFzcyUzRCUyMnRleHQtc2xpZGVyLXJpZ2h0JTIyJTNFJTBBJTA5JTA5JTA5UHVibGlrb3dhbmElMjBwcnpleiUyMGVrc3BlcnQlQzMlQjN3JTBBJTA5JTA5JTNDJTJGZGl2JTNFJTBBJTA5JTNDJTJGZGl2JTNFJTBBJTIwJTIwJTIwJTIwJTIwJTIwJTIwJTIwJTNDZGl2JTIwY2xhc3MlM0QlMjJ0ZXN0X29uZSUyMiUyMHN0eWxlJTNEJTIyYmFja2dyb3VuZCUzQSUyMHVybCUyOCUyRmJsb2clMkZ3cC1jb250ZW50JTJGdXBsb2FkcyUyRjIwMTclMkYwNiUyRmJhbmVyMi5wbmclMjklM0IlMjIlM0UlMEElMDklMDklM0NkaXYlMjBjbGFzcyUzRCUyMnRpdGxlLXNsaWRlci1yaWdodCUyMiUzRSUwQSUwOSUwOSUwOUluZm9ybWFjamElMjBvJTIwcHJvbW9jamFjaCUyMHclMjBza2xlcGllJTBBJTA5JTA5JTNDJTJGZGl2JTNFJTBBJTA5JTA5JTNDZGl2JTIwY2xhc3MlM0QlMjJ0ZXh0LXNsaWRlci1yaWdodCUyMiUzRSUwQSUwOSUwOSUwOU90cnp5bXVqJTIwa29keSUyMHByb21vY3lqbmUlMjBpJTIwcmFiYXRvd2UlMEElMDklMDklM0MlMkZkaXYlM0UlMEElMDklM0MlMkZkaXYlM0UlMEElMjAlMjAlMjAlMjAlMjAlMjAlMjAlMjAlM0NkaXYlMjBjbGFzcyUzRCUyMnRlc3Rfb25lJTIyJTIwc3R5bGUlM0QlMjJiYWNrZ3JvdW5kJTNBJTIwdXJsJTI4JTJGYmxvZyUyRndwLWNvbnRlbnQlMkZ1cGxvYWRzJTJGMjAxNyUyRjA2JTJGYmFuZXIzLnBuZyUyOSUzQiUyMiUzRSUwQSUwOSUwOSUzQ2RpdiUyMGNsYXNzJTNEJTIydGl0bGUtc2xpZGVyLXJpZ2h0JTIyJTNFJTBBJTA5JTA5JTA5UHJvZmVzam9uYWxuZSUyMGRvcmFkenR3byUwQSUwOSUwOSUzQyUyRmRpdiUzRSUwQSUwOSUwOSUzQ2RpdiUyMGNsYXNzJTNEJTIydGV4dC1zbGlkZXItcmlnaHQlMjIlM0UlMEElMDklMDklMDlLb21lbnR1aiUyMGFydHlrdSVDNSU4MnklMjBpJTIwemFkYXdhaiUyMHB5dGFuaWElMEElMDklMDklM0MlMkZkaXYlM0UlMEElMDklM0MlMkZkaXYlM0UlMEElMjAlMjAlMjAlMjAlMjAlMjAlMjAlMjAlM0NkaXYlMjBjbGFzcyUzRCUyMnRlc3Rfb25lJTIyJTIwc3R5bGUlM0QlMjJiYWNrZ3JvdW5kJTNBJTIwdXJsJTI4JTJGYmxvZyUyRndwLWNvbnRlbnQlMkZ1cGxvYWRzJTJGMjAxNyUyRjA2JTJGYmFuZXI0LnBuZyUyOSUzQiUyMiUzRSUwQSUwOSUwOSUzQ2RpdiUyMGNsYXNzJTNEJTIydGl0bGUtc2xpZGVyLXJpZ2h0JTIyJTNFJTBBJTA5JTA5JTA5WmF3c3plJTIwbmElMjBjemFzaWUlMEElMDklMDklM0MlMkZkaXYlM0UlMEElMDklMDklM0NkaXYlMjBjbGFzcyUzRCUyMnRleHQtc2xpZGVyLXJpZ2h0JTIyJTNFJTBBJTA5JTA5JTA5JUM1JTlBbGVkJUM1JUJBJTIwYWt0dWFsbmUlMjB3eWRhcnplbmlhJTIwaSUyMG5vd2lua2klMEElMDklMDklM0MlMkZkaXYlM0UlMEElMDklM0MlMkZkaXYlM0UlMEElMjAlMjAlMjAlM0MlMkZkaXYlM0U=[\/vc_raw_html][\/vc_column_inner][\/vc_row_inner][\/vc_column][\/vc_row][vc_row][vc_column][vc_empty_space &hellip; <\/p>\n","protected":false},"author":1,"featured_media":0,"parent":0,"menu_order":0,"comment_status":"closed","ping_status":"closed","template":"page-no-paddings.php","meta":{"_acf_changed":false,"footnotes":""},"acf":[],"yoast_head":"<!-- This site is optimized with the Yoast SEO Premium plugin v16.3 (Yoast SEO v20.4) - https:\/\/yoast.com\/wordpress\/plugins\/seo\/ -->\n<title>Best Blog - kompendium wiedzy o \u015bwiecie suplement\u00f3w diety<\/title>\n<meta name=\"description\" content=\"Best Blog to kompendium wiedzy na temat szeroko poj\u0119tego stylu \u017cycia fit. Poruszamy tematy z zakresu suplement\u00f3w, treningu oraz diety, a tak\u017ce odchudzania.\" \/>\n<meta name=\"robots\" content=\"index, follow, max-snippet:-1, max-image-preview:large, max-video-preview:-1\" \/>\n<link rel=\"canonical\" href=\"https:\/\/www.bestbody.com.pl\/blog\/\" \/>\n<meta property=\"og:locale\" content=\"pl_PL\" \/>\n<meta property=\"og:type\" content=\"article\" \/>\n<meta property=\"og:title\" content=\"Best Blog - kompendium wiedzy o \u015bwiecie suplement\u00f3w diety\" \/>\n<meta property=\"og:description\" content=\"Best Blog to kompendium wiedzy na temat szeroko poj\u0119tego stylu \u017cycia fit. Poruszamy tematy z zakresu suplement\u00f3w, treningu oraz diety, a tak\u017ce odchudzania.\" \/>\n<meta property=\"og:url\" content=\"https:\/\/www.bestbody.com.pl\/blog\/\" \/>\n<meta property=\"og:site_name\" content=\"Best Blog\" \/>\n<meta property=\"article:publisher\" content=\"https:\/\/www.facebook.com\/BestBodyComPL\/\" \/>\n<meta property=\"article:modified_time\" content=\"2021-05-31T05:04:18+00:00\" \/>\n<meta name=\"twitter:card\" content=\"summary_large_image\" \/>\n<meta name=\"twitter:label1\" content=\"Szacowany czas czytania\" \/>\n\t<meta name=\"twitter:data1\" content=\"7 minut\" \/>\n<script type=\"application\/ld+json\" class=\"yoast-schema-graph\">{\"@context\":\"https:\/\/schema.org\",\"@graph\":[{\"@type\":\"WebPage\",\"@id\":\"https:\/\/www.bestbody.com.pl\/blog\/\",\"url\":\"https:\/\/www.bestbody.com.pl\/blog\/\",\"name\":\"Best Blog - kompendium wiedzy o \u015bwiecie suplement\u00f3w diety\",\"isPartOf\":{\"@id\":\"https:\/\/www.bestbody.com.pl\/blog\/#website\"},\"datePublished\":\"2017-07-18T13:58:54+00:00\",\"dateModified\":\"2021-05-31T05:04:18+00:00\",\"description\":\"Best Blog to kompendium wiedzy na temat szeroko poj\u0119tego stylu \u017cycia fit. Poruszamy tematy z zakresu suplement\u00f3w, treningu oraz diety, a tak\u017ce odchudzania.\",\"breadcrumb\":{\"@id\":\"https:\/\/www.bestbody.com.pl\/blog\/#breadcrumb\"},\"inLanguage\":\"pl-PL\",\"potentialAction\":[{\"@type\":\"ReadAction\",\"target\":[\"https:\/\/www.bestbody.com.pl\/blog\/\"]}]},{\"@type\":\"BreadcrumbList\",\"@id\":\"https:\/\/www.bestbody.com.pl\/blog\/#breadcrumb\",\"itemListElement\":[{\"@type\":\"ListItem\",\"position\":1,\"name\":\"Strona g\u0142\u00f3wna\",\"item\":\"https:\/\/www.bestbody.com.pl\/blog\/\"},{\"@type\":\"ListItem\",\"position\":2,\"name\":\"Best Blog\"}]},{\"@type\":\"WebSite\",\"@id\":\"https:\/\/www.bestbody.com.pl\/blog\/#website\",\"url\":\"https:\/\/www.bestbody.com.pl\/blog\/\",\"name\":\"Best Blog\",\"description\":\"Blog - kompedium wiedzy o od\u017cywkach i suplementach diety\",\"publisher\":{\"@id\":\"https:\/\/www.bestbody.com.pl\/blog\/#organization\"},\"potentialAction\":[{\"@type\":\"SearchAction\",\"target\":{\"@type\":\"EntryPoint\",\"urlTemplate\":\"https:\/\/www.bestbody.com.pl\/blog\/?s={search_term_string}\"},\"query-input\":\"required name=search_term_string\"}],\"inLanguage\":\"pl-PL\"},{\"@type\":\"Organization\",\"@id\":\"https:\/\/www.bestbody.com.pl\/blog\/#organization\",\"name\":\"Best Body\",\"url\":\"https:\/\/www.bestbody.com.pl\/blog\/\",\"logo\":{\"@type\":\"ImageObject\",\"inLanguage\":\"pl-PL\",\"@id\":\"https:\/\/www.bestbody.com.pl\/blog\/#\/schema\/logo\/image\/\",\"url\":\"https:\/\/www.bestbody.com.pl\/blog\/wp-content\/uploads\/2017\/06\/Best_Blog.png\",\"contentUrl\":\"https:\/\/www.bestbody.com.pl\/blog\/wp-content\/uploads\/2017\/06\/Best_Blog.png\",\"width\":300,\"height\":250,\"caption\":\"Best Body\"},\"image\":{\"@id\":\"https:\/\/www.bestbody.com.pl\/blog\/#\/schema\/logo\/image\/\"},\"sameAs\":[\"https:\/\/www.facebook.com\/BestBodyComPL\/\"]}]}<\/script>\n<!-- \/ Yoast SEO Premium plugin. -->","yoast_head_json":{"title":"Best Blog - kompendium wiedzy o \u015bwiecie suplement\u00f3w diety","description":"Best Blog to kompendium wiedzy na temat szeroko poj\u0119tego stylu \u017cycia fit. Poruszamy tematy z zakresu suplement\u00f3w, treningu oraz diety, a tak\u017ce odchudzania.","robots":{"index":"index","follow":"follow","max-snippet":"max-snippet:-1","max-image-preview":"max-image-preview:large","max-video-preview":"max-video-preview:-1"},"canonical":"https:\/\/www.bestbody.com.pl\/blog\/","og_locale":"pl_PL","og_type":"article","og_title":"Best Blog - kompendium wiedzy o \u015bwiecie suplement\u00f3w diety","og_description":"Best Blog to kompendium wiedzy na temat szeroko poj\u0119tego stylu \u017cycia fit. Poruszamy tematy z zakresu suplement\u00f3w, treningu oraz diety, a tak\u017ce odchudzania.","og_url":"https:\/\/www.bestbody.com.pl\/blog\/","og_site_name":"Best Blog","article_publisher":"https:\/\/www.facebook.com\/BestBodyComPL\/","article_modified_time":"2021-05-31T05:04:18+00:00","twitter_card":"summary_large_image","twitter_misc":{"Szacowany czas czytania":"7 minut"},"schema":{"@context":"https:\/\/schema.org","@graph":[{"@type":"WebPage","@id":"https:\/\/www.bestbody.com.pl\/blog\/","url":"https:\/\/www.bestbody.com.pl\/blog\/","name":"Best Blog - kompendium wiedzy o \u015bwiecie suplement\u00f3w diety","isPartOf":{"@id":"https:\/\/www.bestbody.com.pl\/blog\/#website"},"datePublished":"2017-07-18T13:58:54+00:00","dateModified":"2021-05-31T05:04:18+00:00","description":"Best Blog to kompendium wiedzy na temat szeroko poj\u0119tego stylu \u017cycia fit. Poruszamy tematy z zakresu suplement\u00f3w, treningu oraz diety, a tak\u017ce odchudzania.","breadcrumb":{"@id":"https:\/\/www.bestbody.com.pl\/blog\/#breadcrumb"},"inLanguage":"pl-PL","potentialAction":[{"@type":"ReadAction","target":["https:\/\/www.bestbody.com.pl\/blog\/"]}]},{"@type":"BreadcrumbList","@id":"https:\/\/www.bestbody.com.pl\/blog\/#breadcrumb","itemListElement":[{"@type":"ListItem","position":1,"name":"Strona g\u0142\u00f3wna","item":"https:\/\/www.bestbody.com.pl\/blog\/"},{"@type":"ListItem","position":2,"name":"Best Blog"}]},{"@type":"WebSite","@id":"https:\/\/www.bestbody.com.pl\/blog\/#website","url":"https:\/\/www.bestbody.com.pl\/blog\/","name":"Best Blog","description":"Blog - kompedium wiedzy o od\u017cywkach i suplementach diety","publisher":{"@id":"https:\/\/www.bestbody.com.pl\/blog\/#organization"},"potentialAction":[{"@type":"SearchAction","target":{"@type":"EntryPoint","urlTemplate":"https:\/\/www.bestbody.com.pl\/blog\/?s={search_term_string}"},"query-input":"required name=search_term_string"}],"inLanguage":"pl-PL"},{"@type":"Organization","@id":"https:\/\/www.bestbody.com.pl\/blog\/#organization","name":"Best Body","url":"https:\/\/www.bestbody.com.pl\/blog\/","logo":{"@type":"ImageObject","inLanguage":"pl-PL","@id":"https:\/\/www.bestbody.com.pl\/blog\/#\/schema\/logo\/image\/","url":"https:\/\/www.bestbody.com.pl\/blog\/wp-content\/uploads\/2017\/06\/Best_Blog.png","contentUrl":"https:\/\/www.bestbody.com.pl\/blog\/wp-content\/uploads\/2017\/06\/Best_Blog.png","width":300,"height":250,"caption":"Best Body"},"image":{"@id":"https:\/\/www.bestbody.com.pl\/blog\/#\/schema\/logo\/image\/"},"sameAs":["https:\/\/www.facebook.com\/BestBodyComPL\/"]}]}},"_links":{"self":[{"href":"https:\/\/www.bestbody.com.pl\/blog\/wp-json\/wp\/v2\/pages\/443"}],"collection":[{"href":"https:\/\/www.bestbody.com.pl\/blog\/wp-json\/wp\/v2\/pages"}],"about":[{"href":"https:\/\/www.bestbody.com.pl\/blog\/wp-json\/wp\/v2\/types\/page"}],"author":[{"embeddable":true,"href":"https:\/\/www.bestbody.com.pl\/blog\/wp-json\/wp\/v2\/users\/1"}],"replies":[{"embeddable":true,"href":"https:\/\/www.bestbody.com.pl\/blog\/wp-json\/wp\/v2\/comments?post=443"}],"version-history":[{"count":0,"href":"https:\/\/www.bestbody.com.pl\/blog\/wp-json\/wp\/v2\/pages\/443\/revisions"}],"wp:attachment":[{"href":"https:\/\/www.bestbody.com.pl\/blog\/wp-json\/wp\/v2\/media?parent=443"}],"curies":[{"name":"wp","href":"https:\/\/api.w.org\/{rel}","templated":true}]}}